{"id":567,"date":"2021-03-16T23:23:35","date_gmt":"2021-03-16T23:23:35","guid":{"rendered":"https:\/\/www.mecanitzatsrodater.com\/politica-de-cookies\/"},"modified":"2021-12-14T18:12:39","modified_gmt":"2021-12-14T18:12:39","slug":"politica-de-cookies","status":"publish","type":"page","link":"https:\/\/www.mecanitzatsrodater.com\/es\/politica-de-cookies\/","title":{"rendered":"Pol\u00edtica de cookies"},"content":{"rendered":"<div class=\"wpb-content-wrapper\"><p>[vc_row gap=\u00bb35&#8243; css=\u00bb.vc_custom_1615503863242{margin-top: 30px !important;}\u00bb][vc_column width=\u00bb1\/4&#8243; el_class=\u00bbbox-title\u00bb css=\u00bb.vc_custom_1615500899046{padding-top: 20px !important;}\u00bb][vc_custom_heading text=\u00bbContacto\u00bb font_container=\u00bbtag:h2|text_align:left|color:%23555555&#8243; use_theme_fonts=\u00bbyes\u00bb el_class=\u00bbheadline-box-page\u00bb][vc_column_text]<\/p>\n<h5><strong>Contacto<\/strong><\/h5>\n<p>[\/vc_column_text][vc_column_text]+34 938 540 801<br \/>\n<a href=\"mailto:info@mecanitzatsrodater.com\">info@mecanitzatsrodater.com<\/a>[\/vc_column_text][vc_icon icon_fontawesome=\u00bbfa fa-linkedin-square\u00bb color=\u00bbcustom\u00bb custom_color=\u00bb#9d3037&#8243; link=\u00bburl:https%3A%2F%2Fwww.linkedin.com%2Fcompany%2Fmecanitzats-rodater-sl||target:%20_blank|\u00bb el_class=\u00bbicon-rrss\u00bb][vc_icon icon_fontawesome=\u00bbfa fa-instagram\u00bb color=\u00bbcustom\u00bb custom_color=\u00bb#9d3037&#8243; link=\u00bburl:https%3A%2F%2Fwww.instagram.com%2Fmecanitzatsrodater%2F||target:%20_blank|\u00bb el_class=\u00bbicon-rrss\u00bb][\/vc_column][vc_column width=\u00bb3\/4&#8243;][vc_row_inner][vc_column_inner][vc_custom_heading text=\u00bbPol\u00edtica de cookies\u00bb font_container=\u00bbtag:h2|text_align:left|color:%23555555&#8243; use_theme_fonts=\u00bbyes\u00bb el_class=\u00bbheadline-page\u00bb][vc_column_text]Una cookie es un peque\u00f1o archivo de texto que se almacena en su navegador cuando visita casi cualquier p\u00e1gina web. Su utilidad es que la web sea capaz de recordar su visita cuando vuelva a navegar por esta p\u00e1gina. Las cookies suelen almacenar informaci\u00f3n de car\u00e1cter t\u00e9cnico, preferencias personales, personalizaci\u00f3n de contenidos, estad\u00edsticas de uso, enlaces a redes sociales, acceso a cuentas de usuario, etc. El objetivo de la cookie es adaptar el contenido de la web a su perfil y necesidades, sin cookies los servicios ofrecidos por cualquier p\u00e1gina se ver\u00edan mermados notablemente.[\/vc_column_text][vc_column_text]<\/p>\n<h5>COOKIES UTILIZADAS EN ESTE SITIO WEB<\/h5>\n<p>Siguiendo las directrices de la Agencia Espa\u00f1ola de Protecci\u00f3n de Datos procedemos a detallar el uso de cookies que hace esta web con el fin de informarle con la m\u00e1xima exactitud posible. Este sitio web utiliza las cookies siguientes propias:<br \/>\n\u2022 Cookies de sesi\u00f3n, para garantizar que los usuarios que escriban en el formulario de contacto sean humanos y no aplicaciones automatizadas. De esta manera se combate el spam.<\/p>\n<p>Este sitio web utiliza las siguientes cookies de terceros:<br \/>\n\u2022 Google Analytics: Almacena cookies para poder elaborar estad\u00edsticas sobre el tr\u00e1fico y volumen de visitas de esta web. Al utilizar este sitio web est\u00e1 consintiendo el tratamiento de informaci\u00f3n acerca de Usted por Google. Por lo tanto, el ejercicio de cualquier derecho en este sentido deber\u00e1 hacer comunicando directamente con Google.<br \/>\n\u2022 Redes sociales: Cada red social utiliza sus propias cookies para ti pinchar en botones del tipo Me gusta o Compartir.<br \/>\n\u2022 WPML: utiliza cookies para identificar el idioma actual del visitante, el \u00faltimo idioma visitado y el idioma de los usuarios que han iniciado sesi\u00f3n.<br \/>\n\u2022 Google Web Fuentes: Para una representaci\u00f3n uniforme de los tipos de letra, esta p\u00e1gina utiliza fuentes web proporcionadas por Google. Al abrir una p\u00e1gina, el navegador carga las fuentes web necesarios en la cach\u00e9 del navegador para mostrar textos y fuentes correctamente.<br \/>\nCon este fin, su navegador debe establecer una conexi\u00f3n directa con los servidores de Google. Google se hace consciente de que se accedi\u00f3 a la p\u00e1gina web mediante su direcci\u00f3n IP. El uso de las fuentes web de Google se hace con el inter\u00e9s de una presentaci\u00f3n uniforme y atractiva de nuestro conector. Esto constituye un inter\u00e9s justificado de acuerdo con el art. 6 (1) (f) DSGVO. Si su navegador no admite fuentes web, el ordenador utiliza un tipo de letra est\u00e1ndar.<\/p>\n<h5>DESACTIVACI\u00d3N O ELIMINACI\u00d3N DE COOKIES<\/h5>\n<p>En cualquier momento podr\u00e1 ejercer su derecho de desactivaci\u00f3n o eliminaci\u00f3n de cookies de este sitio web. Estas acciones se realizan de forma diferente en funci\u00f3n del navegador que est\u00e9 utilizando.<\/p>\n<h5>NOTAS ADICIONALES<\/h5>\n<p>\u2022 Ni esta web ni sus representantes legales se hacen responsables ni del contenido ni de la veracidad de las pol\u00edticas de privacidad que puedan tener los terceros mencionados en esta pol\u00edtica de cookies.<br \/>\n\u2022 Los navegadores web son las herramientas encargadas de almacenar cookies y desde este lugar de efectuar su derecho a eliminaci\u00f3n o desactivaci\u00f3n de las mismas. Ni esta web ni sus representantes legales pueden garantizar la correcta o incorrecta manipulaci\u00f3n las cookies por parte de dichos navegadores.<br \/>\n\u2022 En algunos casos es necesario instalar cookies para que el navegador no olvide su decisi\u00f3n de no aceptaci\u00f3n de las mismas.<br \/>\n\u2022 En el caso de las cookies de Google Analytics, esta MECANITZATS RODATER almacena las cookies en servidores ubicados en Estados Unidos y se compromete a no compartirla con terceros, salvo en los casos en que sea necesario para el funcionamiento del sistema o cuando la ley obligue al efecto. Seg\u00fan Google no guarda su direcci\u00f3n IP. Google Inc. es una compa\u00f1\u00eda adherida al Acuerdo de Puerto Seguro que garantiza que todos los datos transferidos ser\u00e1n tratados con un nivel de protecci\u00f3n de acuerdo con la normativa europea.<br \/>\n\u2022 Para cualquier duda o consulta sobre esta pol\u00edtica de cookies no dude en comunicarse con nosotros a trav\u00e9s de la secci\u00f3n de contacto.[\/vc_column_text][\/vc_column_inner][\/vc_row_inner][\/vc_column][\/vc_row]<\/p>\n<\/div>","protected":false},"excerpt":{"rendered":"<p>[vc_row gap=\u00bb35&#8243; css=\u00bb.vc_custom_1615503863242{margin-top: 30px !important;}\u00bb][vc_column width=\u00bb1\/4&#8243; el_class=\u00bbbox-title\u00bb css=\u00bb.vc_custom_1615500899046{padding-top: 20px !important;}\u00bb][vc_custom_heading text=\u00bbContacto\u00bb font_container=\u00bbtag:h2|text_align:left|color:%23555555&#8243; use_theme_fonts=\u00bbyes\u00bb el_class=\u00bbheadline-box-page\u00bb][vc_column_text] Contacto [\/vc_column_text][vc_column_text]+34 938 540 801 info@mecanitzatsrodater.com[\/vc_column_text][vc_icon icon_fontawesome=\u00bbfa fa-linkedin-square\u00bb color=\u00bbcustom\u00bb custom_color=\u00bb#9d3037&#8243; link=\u00bburl:https%3A%2F%2Fwww.linkedin.com%2Fcompany%2Fmecanitzats-rodater-sl||target:%20_blank|\u00bb el_class=\u00bbicon-rrss\u00bb][vc_icon icon_fontawesome=\u00bbfa fa-instagram\u00bb color=\u00bbcustom\u00bb custom_color=\u00bb#9d3037&#8243; link=\u00bburl:https%3A%2F%2Fwww.instagram.com%2Fmecanitzatsrodater%2F||target:%20_blank|\u00bb el_class=\u00bbicon-rrss\u00bb][\/vc_column][vc_column width=\u00bb3\/4&#8243;][vc_row_inner][vc_column_inner][vc_custom_heading text=\u00bbPol\u00edtica de cookies\u00bb font_container=\u00bbtag:h2|text_align:left|color:%23555555&#8243; use_theme_fonts=\u00bbyes\u00bb el_class=\u00bbheadline-page\u00bb][vc_column_text]Una cookie es un peque\u00f1o archivo de texto que se almacena en su navegador cuando visita casi [&hellip;]<\/p>\n","protected":false},"author":3,"featured_media":0,"parent":0,"menu_order":0,"comment_status":"closed","ping_status":"closed","template":"fullwidth.php","meta":{"footnotes":""},"class_list":["post-567","page","type-page","status-publish","hentry"],"yoast_head":"<!-- This site is optimized with the Yoast SEO plugin v27.3 - https:\/\/yoast.com\/product\/yoast-seo-wordpress\/ -->\n<title>Pol\u00edtica de cookies - Mecanitzats Roda Ter<\/title>\n<meta name=\"robots\" content=\"index, follow, max-snippet:-1, max-image-preview:large, max-video-preview:-1\" \/>\n<link rel=\"canonical\" href=\"https:\/\/www.mecanitzatsrodater.com\/es\/politica-de-cookies\/\" \/>\n<meta property=\"og:locale\" content=\"es_ES\" \/>\n<meta property=\"og:type\" content=\"article\" \/>\n<meta property=\"og:title\" content=\"Pol\u00edtica de cookies - Mecanitzats Roda Ter\" \/>\n<meta property=\"og:description\" content=\"[vc_row gap=\u00bb35&#8243; css=\u00bb.vc_custom_1615503863242{margin-top: 30px !important;}\u00bb][vc_column width=\u00bb1\/4&#8243; el_class=\u00bbbox-title\u00bb css=\u00bb.vc_custom_1615500899046{padding-top: 20px !important;}\u00bb][vc_custom_heading text=\u00bbContacto\u00bb font_container=\u00bbtag:h2|text_align:left|color:%23555555&#8243; use_theme_fonts=\u00bbyes\u00bb el_class=\u00bbheadline-box-page\u00bb][vc_column_text] Contacto [\/vc_column_text][vc_column_text]+34 938 540 801 info@mecanitzatsrodater.com[\/vc_column_text][vc_icon icon_fontawesome=\u00bbfa fa-linkedin-square\u00bb color=\u00bbcustom\u00bb custom_color=\u00bb#9d3037&#8243; link=\u00bburl:https%3A%2F%2Fwww.linkedin.com%2Fcompany%2Fmecanitzats-rodater-sl||target:%20_blank|\u00bb el_class=\u00bbicon-rrss\u00bb][vc_icon icon_fontawesome=\u00bbfa fa-instagram\u00bb color=\u00bbcustom\u00bb custom_color=\u00bb#9d3037&#8243; link=\u00bburl:https%3A%2F%2Fwww.instagram.com%2Fmecanitzatsrodater%2F||target:%20_blank|\u00bb el_class=\u00bbicon-rrss\u00bb][\/vc_column][vc_column width=\u00bb3\/4&#8243;][vc_row_inner][vc_column_inner][vc_custom_heading text=\u00bbPol\u00edtica de cookies\u00bb font_container=\u00bbtag:h2|text_align:left|color:%23555555&#8243; use_theme_fonts=\u00bbyes\u00bb el_class=\u00bbheadline-page\u00bb][vc_column_text]Una cookie es un peque\u00f1o archivo de texto que se almacena en su navegador cuando visita casi [&hellip;]\" \/>\n<meta property=\"og:url\" content=\"https:\/\/www.mecanitzatsrodater.com\/es\/politica-de-cookies\/\" \/>\n<meta property=\"og:site_name\" content=\"Mecanitzats Roda Ter\" \/>\n<meta property=\"article:modified_time\" content=\"2021-12-14T18:12:39+00:00\" \/>\n<meta name=\"twitter:card\" content=\"summary_large_image\" \/>\n<meta name=\"twitter:label1\" content=\"Tiempo de lectura\" \/>\n\t<meta name=\"twitter:data1\" content=\"4 minutos\" \/>\n<script type=\"application\/ld+json\" class=\"yoast-schema-graph\">{\"@context\":\"https:\\\/\\\/schema.org\",\"@graph\":[{\"@type\":\"WebPage\",\"@id\":\"https:\\\/\\\/www.mecanitzatsrodater.com\\\/es\\\/politica-de-cookies\\\/\",\"url\":\"https:\\\/\\\/www.mecanitzatsrodater.com\\\/es\\\/politica-de-cookies\\\/\",\"name\":\"Pol\u00edtica de cookies - Mecanitzats Roda Ter\",\"isPartOf\":{\"@id\":\"https:\\\/\\\/www.mecanitzatsrodater.com\\\/es\\\/#website\"},\"datePublished\":\"2021-03-16T23:23:35+00:00\",\"dateModified\":\"2021-12-14T18:12:39+00:00\",\"breadcrumb\":{\"@id\":\"https:\\\/\\\/www.mecanitzatsrodater.com\\\/es\\\/politica-de-cookies\\\/#breadcrumb\"},\"inLanguage\":\"es\",\"potentialAction\":[{\"@type\":\"ReadAction\",\"target\":[\"https:\\\/\\\/www.mecanitzatsrodater.com\\\/es\\\/politica-de-cookies\\\/\"]}]},{\"@type\":\"BreadcrumbList\",\"@id\":\"https:\\\/\\\/www.mecanitzatsrodater.com\\\/es\\\/politica-de-cookies\\\/#breadcrumb\",\"itemListElement\":[{\"@type\":\"ListItem\",\"position\":1,\"name\":\"Inici\",\"item\":\"https:\\\/\\\/www.mecanitzatsrodater.com\\\/es\\\/\"},{\"@type\":\"ListItem\",\"position\":2,\"name\":\"Pol\u00edtica de cookies\"}]},{\"@type\":\"WebSite\",\"@id\":\"https:\\\/\\\/www.mecanitzatsrodater.com\\\/es\\\/#website\",\"url\":\"https:\\\/\\\/www.mecanitzatsrodater.com\\\/es\\\/\",\"name\":\"Mecanitzats Roda Ter\",\"description\":\"Mecanitzaci\u00f3 Industrial - Soldadura Industrial\",\"potentialAction\":[{\"@type\":\"SearchAction\",\"target\":{\"@type\":\"EntryPoint\",\"urlTemplate\":\"https:\\\/\\\/www.mecanitzatsrodater.com\\\/es\\\/?s={search_term_string}\"},\"query-input\":{\"@type\":\"PropertyValueSpecification\",\"valueRequired\":true,\"valueName\":\"search_term_string\"}}],\"inLanguage\":\"es\"}]}<\/script>\n<!-- \/ Yoast SEO plugin. -->","yoast_head_json":{"title":"Pol\u00edtica de cookies - Mecanitzats Roda Ter","robots":{"index":"index","follow":"follow","max-snippet":"max-snippet:-1","max-image-preview":"max-image-preview:large","max-video-preview":"max-video-preview:-1"},"canonical":"https:\/\/www.mecanitzatsrodater.com\/es\/politica-de-cookies\/","og_locale":"es_ES","og_type":"article","og_title":"Pol\u00edtica de cookies - Mecanitzats Roda Ter","og_description":"[vc_row gap=\u00bb35&#8243; css=\u00bb.vc_custom_1615503863242{margin-top: 30px !important;}\u00bb][vc_column width=\u00bb1\/4&#8243; el_class=\u00bbbox-title\u00bb css=\u00bb.vc_custom_1615500899046{padding-top: 20px !important;}\u00bb][vc_custom_heading text=\u00bbContacto\u00bb font_container=\u00bbtag:h2|text_align:left|color:%23555555&#8243; use_theme_fonts=\u00bbyes\u00bb el_class=\u00bbheadline-box-page\u00bb][vc_column_text] Contacto [\/vc_column_text][vc_column_text]+34 938 540 801 info@mecanitzatsrodater.com[\/vc_column_text][vc_icon icon_fontawesome=\u00bbfa fa-linkedin-square\u00bb color=\u00bbcustom\u00bb custom_color=\u00bb#9d3037&#8243; link=\u00bburl:https%3A%2F%2Fwww.linkedin.com%2Fcompany%2Fmecanitzats-rodater-sl||target:%20_blank|\u00bb el_class=\u00bbicon-rrss\u00bb][vc_icon icon_fontawesome=\u00bbfa fa-instagram\u00bb color=\u00bbcustom\u00bb custom_color=\u00bb#9d3037&#8243; link=\u00bburl:https%3A%2F%2Fwww.instagram.com%2Fmecanitzatsrodater%2F||target:%20_blank|\u00bb el_class=\u00bbicon-rrss\u00bb][\/vc_column][vc_column width=\u00bb3\/4&#8243;][vc_row_inner][vc_column_inner][vc_custom_heading text=\u00bbPol\u00edtica de cookies\u00bb font_container=\u00bbtag:h2|text_align:left|color:%23555555&#8243; use_theme_fonts=\u00bbyes\u00bb el_class=\u00bbheadline-page\u00bb][vc_column_text]Una cookie es un peque\u00f1o archivo de texto que se almacena en su navegador cuando visita casi [&hellip;]","og_url":"https:\/\/www.mecanitzatsrodater.com\/es\/politica-de-cookies\/","og_site_name":"Mecanitzats Roda Ter","article_modified_time":"2021-12-14T18:12:39+00:00","twitter_card":"summary_large_image","twitter_misc":{"Tiempo de lectura":"4 minutos"},"schema":{"@context":"https:\/\/schema.org","@graph":[{"@type":"WebPage","@id":"https:\/\/www.mecanitzatsrodater.com\/es\/politica-de-cookies\/","url":"https:\/\/www.mecanitzatsrodater.com\/es\/politica-de-cookies\/","name":"Pol\u00edtica de cookies - Mecanitzats Roda Ter","isPartOf":{"@id":"https:\/\/www.mecanitzatsrodater.com\/es\/#website"},"datePublished":"2021-03-16T23:23:35+00:00","dateModified":"2021-12-14T18:12:39+00:00","breadcrumb":{"@id":"https:\/\/www.mecanitzatsrodater.com\/es\/politica-de-cookies\/#breadcrumb"},"inLanguage":"es","potentialAction":[{"@type":"ReadAction","target":["https:\/\/www.mecanitzatsrodater.com\/es\/politica-de-cookies\/"]}]},{"@type":"BreadcrumbList","@id":"https:\/\/www.mecanitzatsrodater.com\/es\/politica-de-cookies\/#breadcrumb","itemListElement":[{"@type":"ListItem","position":1,"name":"Inici","item":"https:\/\/www.mecanitzatsrodater.com\/es\/"},{"@type":"ListItem","position":2,"name":"Pol\u00edtica de cookies"}]},{"@type":"WebSite","@id":"https:\/\/www.mecanitzatsrodater.com\/es\/#website","url":"https:\/\/www.mecanitzatsrodater.com\/es\/","name":"Mecanitzats Roda Ter","description":"Mecanitzaci\u00f3 Industrial - Soldadura Industrial","potentialAction":[{"@type":"SearchAction","target":{"@type":"EntryPoint","urlTemplate":"https:\/\/www.mecanitzatsrodater.com\/es\/?s={search_term_string}"},"query-input":{"@type":"PropertyValueSpecification","valueRequired":true,"valueName":"search_term_string"}}],"inLanguage":"es"}]}},"_links":{"self":[{"href":"https:\/\/www.mecanitzatsrodater.com\/es\/wp-json\/wp\/v2\/pages\/567","targetHints":{"allow":["GET"]}}],"collection":[{"href":"https:\/\/www.mecanitzatsrodater.com\/es\/wp-json\/wp\/v2\/pages"}],"about":[{"href":"https:\/\/www.mecanitzatsrodater.com\/es\/wp-json\/wp\/v2\/types\/page"}],"author":[{"embeddable":true,"href":"https:\/\/www.mecanitzatsrodater.com\/es\/wp-json\/wp\/v2\/users\/3"}],"replies":[{"embeddable":true,"href":"https:\/\/www.mecanitzatsrodater.com\/es\/wp-json\/wp\/v2\/comments?post=567"}],"version-history":[{"count":17,"href":"https:\/\/www.mecanitzatsrodater.com\/es\/wp-json\/wp\/v2\/pages\/567\/revisions"}],"predecessor-version":[{"id":2110,"href":"https:\/\/www.mecanitzatsrodater.com\/es\/wp-json\/wp\/v2\/pages\/567\/revisions\/2110"}],"wp:attachment":[{"href":"https:\/\/www.mecanitzatsrodater.com\/es\/wp-json\/wp\/v2\/media?parent=567"}],"curies":[{"name":"wp","href":"https:\/\/api.w.org\/{rel}","templated":true}]}}