{"id":560,"date":"2021-03-16T23:17:47","date_gmt":"2021-03-16T23:17:47","guid":{"rendered":"https:\/\/www.mecanitzatsrodater.com\/aviso-legal\/"},"modified":"2021-12-14T18:06:14","modified_gmt":"2021-12-14T18:06:14","slug":"aviso-legal","status":"publish","type":"page","link":"https:\/\/www.mecanitzatsrodater.com\/es\/aviso-legal\/","title":{"rendered":"Aviso Legal"},"content":{"rendered":"<div class=\"wpb-content-wrapper\"><p>[vc_row gap=\u00bb35&#8243; css=\u00bb.vc_custom_1615503863242{margin-top: 30px !important;}\u00bb][vc_column width=\u00bb1\/4&#8243; el_class=\u00bbbox-title\u00bb css=\u00bb.vc_custom_1615500899046{padding-top: 20px !important;}\u00bb][vc_custom_heading text=\u00bbContacto\u00bb font_container=\u00bbtag:h2|text_align:left|color:%23555555&#8243; use_theme_fonts=\u00bbyes\u00bb el_class=\u00bbheadline-box-page\u00bb][vc_column_text]<\/p>\n<h5><strong>Contacto<\/strong><\/h5>\n<p>[\/vc_column_text][vc_column_text]+34 938 540 801<br \/>\n<a href=\"mailto:info@mecanitzatsrodater.com\">info@mecanitzatsrodater.com<\/a>[\/vc_column_text][vc_icon icon_fontawesome=\u00bbfa fa-linkedin-square\u00bb color=\u00bbcustom\u00bb custom_color=\u00bb#9d3037&#8243; link=\u00bburl:https%3A%2F%2Fwww.linkedin.com%2Fcompany%2Fmecanitzats-rodater-sl||target:%20_blank|\u00bb el_class=\u00bbicon-rrss\u00bb][vc_icon icon_fontawesome=\u00bbfa fa-instagram\u00bb color=\u00bbcustom\u00bb custom_color=\u00bb#9d3037&#8243; link=\u00bburl:https%3A%2F%2Fwww.instagram.com%2Fmecanitzatsrodater%2F||target:%20_blank|\u00bb el_class=\u00bbicon-rrss\u00bb][\/vc_column][vc_column width=\u00bb3\/4&#8243;][vc_row_inner][vc_column_inner][vc_custom_heading text=\u00bbAviso Legal\u00bb font_container=\u00bbtag:h2|text_align:left|color:%23555555&#8243; use_theme_fonts=\u00bbyes\u00bb el_class=\u00bbheadline-page\u00bb][vc_column_text]En cumplimiento de la Ley 34\/2002, de 11 de julio, de Servicios de la Sociedad de la Informaci\u00f3n (LSSI), MECANITZATS RODATER informa que es titular del sitio web y del dominio www.mecanitzatsrodater.com. De acuerdo con la exigencia del art\u00edculo 10 de la mencionada Ley, MECANITZATS RODATER informa de los siguientes datos:<br \/>\nEl titular de este sitio web es MECANITZATS RODATER S.L., con CIF B61206330 y C \/ NOGUERA, 10, 08510 LAS MASIAS DE RODA. La direcci\u00f3n de correo electr\u00f3nico de contacto con MECANITZATS RODATER es: info@mecanitzatsrodater.com.[\/vc_column_text][vc_column_text]<\/p>\n<h5>USUARIO Y R\u00c9GIMEN DE RESPONSABILIDADES<\/h5>\n<p>La navegaci\u00f3n, acceso y uso por el sitio web de MECANITZATS RODATER confiere la condici\u00f3n de usuario, por la que se aceptan, desde la navegaci\u00f3n por el sitio web de MECANITZATS RODATER, todas las condiciones de uso aqu\u00ed establecidas sin perjuicio de la aplicaci\u00f3n de la correspondiente normativa de obligado cumplimiento legal seg\u00fan el caso.<br \/>\nEl sitio web de MECANITZATS RODATER proporciona gran diversidad de informaci\u00f3n, servicios y datos. El usuario asume su responsabilidad en el uso correcto del sitio web. Esta responsabilidad se extender\u00e1 a:<br \/>\n\u2022 La veracidad y licitud de las informaciones aportadas por el usuario en los formularios para MECANITZATS RODATER para el acceso a determinados contenidos o servicios ofrecidos por la web.<br \/>\n\u2022 El uso de la informaci\u00f3n, servicios y datos ofrecidos por MECANITZATS RODATER contrariamente a lo dispuesto por las presentes condiciones, la Ley, la moral, las buenas costumbres o el orden p\u00fablico, o que de cualquier otro modo puedan suponer lesi\u00f3n de los derechos de terceros o del mismo funcionamiento del sitio web.<\/p>\n<h5>POL\u00cdTICA DE ENLACES Y EXENCIONES DE RESPONSABILIDAD<\/h5>\n<p>MECANITZATS RODATER no se hace responsable del contenido de los sitios web a los que el usuario pueda acceder a trav\u00e9s de los enlaces establecidos en su sitio web y declara que en ning\u00fan caso proceder\u00e1 a examinar o ejercitar ning\u00fan tipo de control sobre el contenido de otros sitios de la red. Asimismo, tampoco garantizar\u00e1 la disponibilidad t\u00e9cnica, exactitud, veracidad, validez o legalidad de sitios ajenos a su propiedad a los que se pueda acceder por medio de los enlaces.<br \/>\nMECANITZATS RODATER declara haber adoptado todas las medidas necesarias para evitar cualquier da\u00f1o a los usuarios de su sitio web, que pudieran derivarse de la navegaci\u00f3n por su sitio web. En consecuencia, MECANITZATS RODATER no se hace responsable, en ning\u00fan caso, de los eventuales da\u00f1os que por la navegaci\u00f3n por Internet pudiera sufrir el usuario.<\/p>\n<h5>MODIFICACIONES<\/h5>\n<p>MECANITZATS RODATER se reserva el derecho a realizar las modificaciones que considere oportunas, sin aviso previo, en el contenido de su sitio web. Tanto en cuanto a los contenidos del sitio web, como en las condiciones de uso del mismo. Estas modificaciones podr\u00e1n realizarse a trav\u00e9s de su sitio web por cualquier forma admisible en derecho y ser\u00e1n de obligado cumplimiento durante el tiempo en que se encuentren publicadas en la web y hasta que no sean modificadas v\u00e1lidamente por otras posteriores.<\/p>\n<h5>PROTECCI\u00d3N DE DATOS<\/h5>\n<p>De conformidad con lo establecido en la Ley Org\u00e1nica 15\/1999 de Protecci\u00f3n de Datos de Car\u00e1cter Personal (LOPD), MECANITZATS RODATER informa a los usuarios de su sitio web que los datos personales recogidos por MECANITZATS RODATER, mediante los formularios en sus p\u00e1ginas, ser\u00e1n introducidos en un fichero automatizado bajo la responsabilidad de MECANITZATS RODATER, con el fin de poder facilitar, agilizar y cumplir los compromisos establecidos entre ambas partes.<br \/>\nAsimismo, MECANITZATS RODATER informa de la posibilidad de ejercer los derechos de acceso, rectificaci\u00f3n, cancelaci\u00f3n y oposici\u00f3n mediante un escrito a la direcci\u00f3n: C \/ NOGUERA, 10, 08510 LAS MASIAS DE RODA. Mientras el usuario no comunique lo contrario a MECANITZATS RODATER, \u00e9sta se entender\u00e1 que sus datos no han sido modificados, que el usuario se compromete a notificar a MECANITZATS RODATER cualquier variaci\u00f3n y que MECANITZATS RODATER tiene el consentimiento para utilizarlos a fin de poder fidelizar la relaci\u00f3n entre las partes.<\/p>\n<h5>PROPIEDAD INTELECTUAL E INDUSTRIAL<\/h5>\n<p>MECANITZATS RODATER por s\u00ed misma o como cesionaria, es titular de todos los derechos de propiedad intelectual e industrial de su p\u00e1gina web, as\u00ed como de los elementos contenidos en la misma (a t\u00edtulo enunciativo, im\u00e1genes, sonido, audio, v\u00eddeo, software o textos; marcas o logotipos, combinaciones de colores, estructura y dise\u00f1o, selecci\u00f3n de materiales usados, programas de ordenador necesarios para su funcionamiento, acceso y uso, etc.), titularidad de MECANITZATS RODATER. Ser\u00e1n, por consiguiente, obras protegidas como propiedad intelectual por el ordenamiento jur\u00eddico espa\u00f1ol, si\u00e9ndoles aplicables tanto la normativa espa\u00f1ola y comunitaria en este campo, como los tratados internacionales relativos a la materia y suscritos por Espa\u00f1a.<br \/>\nTodos los derechos reservados. En virtud de lo dispuesto en los art\u00edculos 8 y 32.1, p\u00e1rrafo segundo, de la Ley de Propiedad Intelectual, quedan expresamente prohibidas la reproducci\u00f3n, la distribuci\u00f3n y la comunicaci\u00f3n p\u00fablica, incluida su modalidad de puesta a disposici\u00f3n, de la totalidad o parte los contenidos de esta p\u00e1gina web, con fines comerciales, en cualquier soporte y por cualquier medio t\u00e9cnico, sin la autorizaci\u00f3n de MECANITZATS RODATER.<br \/>\nEl usuario se compromete a respetar los derechos de Propiedad Intelectual e Industrial titularidad de MECANITZATS RODATER. Podr\u00e1 visualizar los elementos del portal e incluso imprimirlos, copiarlos y almacenarlos en el disco duro de su ordenador o en cualquier otro soporte f\u00edsico siempre y cuando sea, \u00fanica y exclusivamente, para su uso personal y privado. El usuario deber\u00e1 abstenerse de suprimir, alterar, eludir o manipular cualquier dispositivo de protecci\u00f3n o sistema de seguridad que estuviera instalado en las p\u00e1ginas de MECANITZATS RODATER.<\/p>\n<h5>ACCIONES LEGALES, LEGISLACI\u00d3N APLICABLE Y JURISDICCI\u00d3N<\/h5>\n<p>MECANITZATS RODATER se reserva, asimismo, la facultad de presentar las acciones civiles o penales que considere oportunas por la utilizaci\u00f3n indebida de su sitio web y contenidos, o por el incumplimiento de las presentes condiciones.<br \/>\nLa relaci\u00f3n entre el usuario y el prestador se regir\u00e1 por la normativa vigente y de aplicaci\u00f3n en el territorio espa\u00f1ol. De surgir cualquier controversia las partes podr\u00e1n someter sus conflictos a arbitraje o acudir a la jurisdicci\u00f3n ordinaria cumpliendo con las normas sobre jurisdicci\u00f3n y competencia al respecto. MECANITZATS RODATER tiene su domicilio en C \/ NOGUERA, 10, 08510 LAS MASIAS DE RODA.[\/vc_column_text][\/vc_column_inner][\/vc_row_inner][\/vc_column][\/vc_row]<\/p>\n<\/div>","protected":false},"excerpt":{"rendered":"<p>[vc_row gap=\u00bb35&#8243; css=\u00bb.vc_custom_1615503863242{margin-top: 30px !important;}\u00bb][vc_column width=\u00bb1\/4&#8243; el_class=\u00bbbox-title\u00bb css=\u00bb.vc_custom_1615500899046{padding-top: 20px !important;}\u00bb][vc_custom_heading text=\u00bbContacto\u00bb font_container=\u00bbtag:h2|text_align:left|color:%23555555&#8243; use_theme_fonts=\u00bbyes\u00bb el_class=\u00bbheadline-box-page\u00bb][vc_column_text] Contacto [\/vc_column_text][vc_column_text]+34 938 540 801 info@mecanitzatsrodater.com[\/vc_column_text][vc_icon icon_fontawesome=\u00bbfa fa-linkedin-square\u00bb color=\u00bbcustom\u00bb custom_color=\u00bb#9d3037&#8243; link=\u00bburl:https%3A%2F%2Fwww.linkedin.com%2Fcompany%2Fmecanitzats-rodater-sl||target:%20_blank|\u00bb el_class=\u00bbicon-rrss\u00bb][vc_icon icon_fontawesome=\u00bbfa fa-instagram\u00bb color=\u00bbcustom\u00bb custom_color=\u00bb#9d3037&#8243; link=\u00bburl:https%3A%2F%2Fwww.instagram.com%2Fmecanitzatsrodater%2F||target:%20_blank|\u00bb el_class=\u00bbicon-rrss\u00bb][\/vc_column][vc_column width=\u00bb3\/4&#8243;][vc_row_inner][vc_column_inner][vc_custom_heading text=\u00bbAviso Legal\u00bb font_container=\u00bbtag:h2|text_align:left|color:%23555555&#8243; use_theme_fonts=\u00bbyes\u00bb el_class=\u00bbheadline-page\u00bb][vc_column_text]En cumplimiento de la Ley 34\/2002, de 11 de julio, de Servicios de la Sociedad de la Informaci\u00f3n [&hellip;]<\/p>\n","protected":false},"author":3,"featured_media":0,"parent":0,"menu_order":0,"comment_status":"closed","ping_status":"closed","template":"fullwidth.php","meta":{"footnotes":""},"class_list":["post-560","page","type-page","status-publish","hentry"],"yoast_head":"<!-- This site is optimized with the Yoast SEO plugin v27.4 - https:\/\/yoast.com\/product\/yoast-seo-wordpress\/ -->\n<title>Aviso Legal - Mecanitzats Roda Ter<\/title>\n<meta name=\"robots\" content=\"index, follow, max-snippet:-1, max-image-preview:large, max-video-preview:-1\" \/>\n<link rel=\"canonical\" href=\"https:\/\/www.mecanitzatsrodater.com\/es\/aviso-legal\/\" \/>\n<meta property=\"og:locale\" content=\"es_ES\" \/>\n<meta property=\"og:type\" content=\"article\" \/>\n<meta property=\"og:title\" content=\"Aviso Legal - Mecanitzats Roda Ter\" \/>\n<meta property=\"og:description\" content=\"[vc_row gap=\u00bb35&#8243; css=\u00bb.vc_custom_1615503863242{margin-top: 30px !important;}\u00bb][vc_column width=\u00bb1\/4&#8243; el_class=\u00bbbox-title\u00bb css=\u00bb.vc_custom_1615500899046{padding-top: 20px !important;}\u00bb][vc_custom_heading text=\u00bbContacto\u00bb font_container=\u00bbtag:h2|text_align:left|color:%23555555&#8243; use_theme_fonts=\u00bbyes\u00bb el_class=\u00bbheadline-box-page\u00bb][vc_column_text] Contacto [\/vc_column_text][vc_column_text]+34 938 540 801 info@mecanitzatsrodater.com[\/vc_column_text][vc_icon icon_fontawesome=\u00bbfa fa-linkedin-square\u00bb color=\u00bbcustom\u00bb custom_color=\u00bb#9d3037&#8243; link=\u00bburl:https%3A%2F%2Fwww.linkedin.com%2Fcompany%2Fmecanitzats-rodater-sl||target:%20_blank|\u00bb el_class=\u00bbicon-rrss\u00bb][vc_icon icon_fontawesome=\u00bbfa fa-instagram\u00bb color=\u00bbcustom\u00bb custom_color=\u00bb#9d3037&#8243; link=\u00bburl:https%3A%2F%2Fwww.instagram.com%2Fmecanitzatsrodater%2F||target:%20_blank|\u00bb el_class=\u00bbicon-rrss\u00bb][\/vc_column][vc_column width=\u00bb3\/4&#8243;][vc_row_inner][vc_column_inner][vc_custom_heading text=\u00bbAviso Legal\u00bb font_container=\u00bbtag:h2|text_align:left|color:%23555555&#8243; use_theme_fonts=\u00bbyes\u00bb el_class=\u00bbheadline-page\u00bb][vc_column_text]En cumplimiento de la Ley 34\/2002, de 11 de julio, de Servicios de la Sociedad de la Informaci\u00f3n [&hellip;]\" \/>\n<meta property=\"og:url\" content=\"https:\/\/www.mecanitzatsrodater.com\/es\/aviso-legal\/\" \/>\n<meta property=\"og:site_name\" content=\"Mecanitzats Roda Ter\" \/>\n<meta property=\"article:modified_time\" content=\"2021-12-14T18:06:14+00:00\" \/>\n<meta name=\"twitter:card\" content=\"summary_large_image\" \/>\n<meta name=\"twitter:label1\" content=\"Tiempo de lectura\" \/>\n\t<meta name=\"twitter:data1\" content=\"6 minutos\" \/>\n<script type=\"application\/ld+json\" class=\"yoast-schema-graph\">{\"@context\":\"https:\\\/\\\/schema.org\",\"@graph\":[{\"@type\":\"WebPage\",\"@id\":\"https:\\\/\\\/www.mecanitzatsrodater.com\\\/es\\\/aviso-legal\\\/\",\"url\":\"https:\\\/\\\/www.mecanitzatsrodater.com\\\/es\\\/aviso-legal\\\/\",\"name\":\"Aviso Legal - Mecanitzats Roda Ter\",\"isPartOf\":{\"@id\":\"https:\\\/\\\/www.mecanitzatsrodater.com\\\/es\\\/#website\"},\"datePublished\":\"2021-03-16T23:17:47+00:00\",\"dateModified\":\"2021-12-14T18:06:14+00:00\",\"breadcrumb\":{\"@id\":\"https:\\\/\\\/www.mecanitzatsrodater.com\\\/es\\\/aviso-legal\\\/#breadcrumb\"},\"inLanguage\":\"es\",\"potentialAction\":[{\"@type\":\"ReadAction\",\"target\":[\"https:\\\/\\\/www.mecanitzatsrodater.com\\\/es\\\/aviso-legal\\\/\"]}]},{\"@type\":\"BreadcrumbList\",\"@id\":\"https:\\\/\\\/www.mecanitzatsrodater.com\\\/es\\\/aviso-legal\\\/#breadcrumb\",\"itemListElement\":[{\"@type\":\"ListItem\",\"position\":1,\"name\":\"Inici\",\"item\":\"https:\\\/\\\/www.mecanitzatsrodater.com\\\/es\\\/\"},{\"@type\":\"ListItem\",\"position\":2,\"name\":\"Aviso Legal\"}]},{\"@type\":\"WebSite\",\"@id\":\"https:\\\/\\\/www.mecanitzatsrodater.com\\\/es\\\/#website\",\"url\":\"https:\\\/\\\/www.mecanitzatsrodater.com\\\/es\\\/\",\"name\":\"Mecanitzats Roda Ter\",\"description\":\"Mecanitzaci\u00f3 Industrial - Soldadura Industrial\",\"potentialAction\":[{\"@type\":\"SearchAction\",\"target\":{\"@type\":\"EntryPoint\",\"urlTemplate\":\"https:\\\/\\\/www.mecanitzatsrodater.com\\\/es\\\/?s={search_term_string}\"},\"query-input\":{\"@type\":\"PropertyValueSpecification\",\"valueRequired\":true,\"valueName\":\"search_term_string\"}}],\"inLanguage\":\"es\"}]}<\/script>\n<!-- \/ Yoast SEO plugin. -->","yoast_head_json":{"title":"Aviso Legal - Mecanitzats Roda Ter","robots":{"index":"index","follow":"follow","max-snippet":"max-snippet:-1","max-image-preview":"max-image-preview:large","max-video-preview":"max-video-preview:-1"},"canonical":"https:\/\/www.mecanitzatsrodater.com\/es\/aviso-legal\/","og_locale":"es_ES","og_type":"article","og_title":"Aviso Legal - Mecanitzats Roda Ter","og_description":"[vc_row gap=\u00bb35&#8243; css=\u00bb.vc_custom_1615503863242{margin-top: 30px !important;}\u00bb][vc_column width=\u00bb1\/4&#8243; el_class=\u00bbbox-title\u00bb css=\u00bb.vc_custom_1615500899046{padding-top: 20px !important;}\u00bb][vc_custom_heading text=\u00bbContacto\u00bb font_container=\u00bbtag:h2|text_align:left|color:%23555555&#8243; use_theme_fonts=\u00bbyes\u00bb el_class=\u00bbheadline-box-page\u00bb][vc_column_text] Contacto [\/vc_column_text][vc_column_text]+34 938 540 801 info@mecanitzatsrodater.com[\/vc_column_text][vc_icon icon_fontawesome=\u00bbfa fa-linkedin-square\u00bb color=\u00bbcustom\u00bb custom_color=\u00bb#9d3037&#8243; link=\u00bburl:https%3A%2F%2Fwww.linkedin.com%2Fcompany%2Fmecanitzats-rodater-sl||target:%20_blank|\u00bb el_class=\u00bbicon-rrss\u00bb][vc_icon icon_fontawesome=\u00bbfa fa-instagram\u00bb color=\u00bbcustom\u00bb custom_color=\u00bb#9d3037&#8243; link=\u00bburl:https%3A%2F%2Fwww.instagram.com%2Fmecanitzatsrodater%2F||target:%20_blank|\u00bb el_class=\u00bbicon-rrss\u00bb][\/vc_column][vc_column width=\u00bb3\/4&#8243;][vc_row_inner][vc_column_inner][vc_custom_heading text=\u00bbAviso Legal\u00bb font_container=\u00bbtag:h2|text_align:left|color:%23555555&#8243; use_theme_fonts=\u00bbyes\u00bb el_class=\u00bbheadline-page\u00bb][vc_column_text]En cumplimiento de la Ley 34\/2002, de 11 de julio, de Servicios de la Sociedad de la Informaci\u00f3n [&hellip;]","og_url":"https:\/\/www.mecanitzatsrodater.com\/es\/aviso-legal\/","og_site_name":"Mecanitzats Roda Ter","article_modified_time":"2021-12-14T18:06:14+00:00","twitter_card":"summary_large_image","twitter_misc":{"Tiempo de lectura":"6 minutos"},"schema":{"@context":"https:\/\/schema.org","@graph":[{"@type":"WebPage","@id":"https:\/\/www.mecanitzatsrodater.com\/es\/aviso-legal\/","url":"https:\/\/www.mecanitzatsrodater.com\/es\/aviso-legal\/","name":"Aviso Legal - Mecanitzats Roda Ter","isPartOf":{"@id":"https:\/\/www.mecanitzatsrodater.com\/es\/#website"},"datePublished":"2021-03-16T23:17:47+00:00","dateModified":"2021-12-14T18:06:14+00:00","breadcrumb":{"@id":"https:\/\/www.mecanitzatsrodater.com\/es\/aviso-legal\/#breadcrumb"},"inLanguage":"es","potentialAction":[{"@type":"ReadAction","target":["https:\/\/www.mecanitzatsrodater.com\/es\/aviso-legal\/"]}]},{"@type":"BreadcrumbList","@id":"https:\/\/www.mecanitzatsrodater.com\/es\/aviso-legal\/#breadcrumb","itemListElement":[{"@type":"ListItem","position":1,"name":"Inici","item":"https:\/\/www.mecanitzatsrodater.com\/es\/"},{"@type":"ListItem","position":2,"name":"Aviso Legal"}]},{"@type":"WebSite","@id":"https:\/\/www.mecanitzatsrodater.com\/es\/#website","url":"https:\/\/www.mecanitzatsrodater.com\/es\/","name":"Mecanitzats Roda Ter","description":"Mecanitzaci\u00f3 Industrial - Soldadura Industrial","potentialAction":[{"@type":"SearchAction","target":{"@type":"EntryPoint","urlTemplate":"https:\/\/www.mecanitzatsrodater.com\/es\/?s={search_term_string}"},"query-input":{"@type":"PropertyValueSpecification","valueRequired":true,"valueName":"search_term_string"}}],"inLanguage":"es"}]}},"_links":{"self":[{"href":"https:\/\/www.mecanitzatsrodater.com\/es\/wp-json\/wp\/v2\/pages\/560","targetHints":{"allow":["GET"]}}],"collection":[{"href":"https:\/\/www.mecanitzatsrodater.com\/es\/wp-json\/wp\/v2\/pages"}],"about":[{"href":"https:\/\/www.mecanitzatsrodater.com\/es\/wp-json\/wp\/v2\/types\/page"}],"author":[{"embeddable":true,"href":"https:\/\/www.mecanitzatsrodater.com\/es\/wp-json\/wp\/v2\/users\/3"}],"replies":[{"embeddable":true,"href":"https:\/\/www.mecanitzatsrodater.com\/es\/wp-json\/wp\/v2\/comments?post=560"}],"version-history":[{"count":9,"href":"https:\/\/www.mecanitzatsrodater.com\/es\/wp-json\/wp\/v2\/pages\/560\/revisions"}],"predecessor-version":[{"id":2074,"href":"https:\/\/www.mecanitzatsrodater.com\/es\/wp-json\/wp\/v2\/pages\/560\/revisions\/2074"}],"wp:attachment":[{"href":"https:\/\/www.mecanitzatsrodater.com\/es\/wp-json\/wp\/v2\/media?parent=560"}],"curies":[{"name":"wp","href":"https:\/\/api.w.org\/{rel}","templated":true}]}}