{"id":376,"date":"2021-03-14T14:51:06","date_gmt":"2021-03-14T14:51:06","guid":{"rendered":"https:\/\/www.mecanitzatsrodater.com\/servicios\/disenos-personalizados\/"},"modified":"2026-04-01T10:05:10","modified_gmt":"2026-04-01T10:05:10","slug":"disenos-personalizados","status":"publish","type":"page","link":"https:\/\/www.mecanitzatsrodater.com\/es\/servicios\/disenos-personalizados\/","title":{"rendered":"Dise\u00f1os personalizados"},"content":{"rendered":"<div class=\"wpb-content-wrapper\"><p>[vc_row full_width=\u00bbstretch_row_content_no_spaces\u00bb css=\u00bb.vc_custom_1624707444191{padding-top: 100px !important;padding-bottom: 100px !important;background-image: url(https:\/\/www.mecanitzatsrodater.com\/wp-content\/uploads\/2021\/06\/meca-disen\u0303o.jpeg?id=900) !important;background-position: center !important;background-repeat: no-repeat !important;background-size: cover !important;}\u00bb][vc_column][\/vc_column][\/vc_row][vc_row gap=\u00bb30&#8243;][vc_column width=\u00bb1\/4&#8243; css=\u00bb.vc_custom_1615475573076{padding-right: 15px !important;padding-left: 15px !important;background-color: #f7f7f7 !important;}\u00bb el_class=\u00bbbox-title\u00bb][vc_custom_heading text=\u00bbServicios\u00bb font_container=\u00bbtag:h2|text_align:left|color:%23555555&#8243; use_theme_fonts=\u00bbyes\u00bb el_class=\u00bbheadline-box-page\u00bb][vc_custom_heading text=\u00bbNos adaptamos a las necesidades del cliente para ofrecerle un servicio de m\u00e1xima calidad\u00bb font_container=\u00bbtag:h6|text_align:left|color:%23838f9d\u00bb use_theme_fonts=\u00bbyes\u00bb el_class=\u00bbheadline-box-page\u00bb][vc_empty_space height=\u00bb20px\u00bb][vc_column_text]<div id=\"mega-menu-wrap-max_mega_menu_1\" class=\"mega-menu-wrap\"><div class=\"mega-menu-toggle\"><div class=\"mega-toggle-blocks-left\"><div class='mega-toggle-block mega-menu-toggle-block mega-toggle-block-1' id='mega-toggle-block-1'><button class='mega-toggle-standard mega-toggle-label' aria-haspopup='true' aria-expanded='false' aria-controls='mega-menu-max_mega_menu_1'><span class='mega-toggle-label-closed'>Selecciona<\/span><span class='mega-toggle-label-open'>Selecciona<\/span><\/button><\/div><\/div><div class=\"mega-toggle-blocks-center\"><\/div><div class=\"mega-toggle-blocks-right\"><\/div><\/div><ul id=\"mega-menu-max_mega_menu_1\" class=\"mega-menu max-mega-menu mega-menu-horizontal mega-no-js\" data-event=\"hover_intent\" data-effect=\"fade_up\" data-effect-speed=\"200\" data-effect-mobile=\"disabled\" data-effect-speed-mobile=\"0\" data-mobile-force-width=\"body\" data-second-click=\"go\" data-document-click=\"collapse\" data-vertical-behaviour=\"standard\" data-breakpoint=\"768\" data-unbind=\"true\" data-mobile-state=\"collapse_all\" data-mobile-direction=\"vertical\" data-hover-intent-timeout=\"300\" data-hover-intent-interval=\"100\"><li class=\"mega-menu-item mega-menu-item-type-post_type mega-menu-item-object-page mega-align-bottom-left mega-menu-flyout mega-menu-item-123\" id=\"mega-menu-item-123\"><a class=\"mega-menu-link\" href=\"https:\/\/www.mecanitzatsrodater.com\/serveis\/mecanitzacio-industrial\/\">Mecanitzaci\u00f3 Industrial<\/a><\/li><li class=\"mega-menu-item mega-menu-item-type-post_type mega-menu-item-object-page mega-align-bottom-left mega-menu-flyout mega-menu-item-136\" id=\"mega-menu-item-136\"><a class=\"mega-menu-link\" href=\"https:\/\/www.mecanitzatsrodater.com\/serveis\/soldadura-industrial\/\">Soldadura Industrial<\/a><\/li><li class=\"mega-menu-item mega-menu-item-type-post_type mega-menu-item-object-page mega-align-bottom-left mega-menu-flyout mega-menu-item-134\" id=\"mega-menu-item-134\"><a class=\"mega-menu-link\" href=\"https:\/\/www.mecanitzatsrodater.com\/serveis\/dissenys-personalitzats\/\">Dissenys personalitzats<\/a><\/li><li class=\"mega-menu-item mega-menu-item-type-post_type mega-menu-item-object-page mega-align-bottom-left mega-menu-flyout mega-menu-item-135\" id=\"mega-menu-item-135\"><a class=\"mega-menu-link\" href=\"https:\/\/www.mecanitzatsrodater.com\/serveis\/construccio-reparacio-maquinaria-industrial\/\">Construcci\u00f3 i reparaci\u00f3<\/a><\/li><\/ul><\/div>[\/vc_column_text][\/vc_column][vc_column width=\u00bb3\/4&#8243;][vc_custom_heading text=\u00bbDise\u00f1os personalizados\u00bb font_container=\u00bbtag:h2|text_align:left|color:%23555555&#8243; use_theme_fonts=\u00bbyes\u00bb el_class=\u00bbheadline-page\u00bb][vc_custom_heading text=\u00bbNuestros profesionales lo pueden asesorar para encontrar la mejor soluci\u00f3n para su idea.\u00bb font_container=\u00bbtag:h4|text_align:left|color:%23838f9d\u00bb use_theme_fonts=\u00bbyes\u00bb el_class=\u00bbheadline-page\u00bb][vc_column_text]Nuestro equipo de profesionales ofrece el asesoramiento necesario para desarrollar tu idea y trasladar el dise\u00f1o en las m\u00e1quinas. Especialistas en dise\u00f1o y mecanizado podemos realizar cualquier proyecto mecanizado de precisi\u00f3n de piezas de cualquier tama\u00f1o, desde piezas peque\u00f1as hasta piezas de gran tama\u00f1o.<\/p>\n<p>En Mecanitzats Rodater siempre trabajamos con el plan y estudiando en cada caso las diferentes estrategias de mecanizado posibles para definir lo que mejor se ajuste a las necesidades de cada cliente.[\/vc_column_text][vc_row_inner][vc_column_inner width=\u00bb1\/2&#8243;][vc_column_text]<\/p>\n<h5>El objetivo de nuestra Oficina T\u00e9cnica es conseguir siempre el resultado requerido por nuestros clientes con la mayor calidad y precisi\u00f3n.<\/h5>\n<p>[\/vc_column_text][vc_btn title=\u00bbCont\u00e1ctanos\u00bb style=\u00bboutline-custom\u00bb outline_custom_color=\u00bb#9d3037&#8243; outline_custom_hover_background=\u00bb#9d3037&#8243; outline_custom_hover_text=\u00bb#ffffff\u00bb link=\u00bburl:https%3A%2F%2Fwww.mecanitzatsrodater.com%2Fes%2Fcontacto%2F|title:Contacto|\u00bb][\/vc_column_inner][vc_column_inner width=\u00bb1\/2&#8243;][vc_single_image image=\u00bb1008&#8243; img_size=\u00bbfull\u00bb][vc_single_image image=\u00bb1009&#8243; img_size=\u00bbfull\u00bb][\/vc_column_inner][\/vc_row_inner][\/vc_column][\/vc_row][vc_row full_width=\u00bbstretch_row\u00bb css=\u00bb.vc_custom_1615471768079{margin-top: 60px !important;padding-top: 40px !important;padding-bottom: 40px !important;background-image: url(https:\/\/www.mecanitzatsrodater.com\/wp-content\/uploads\/2021\/03\/bg_color2.jpg?id=102) !important;background-position: center !important;background-repeat: no-repeat !important;background-size: cover !important;}\u00bb][vc_column][vc_row_inner gap=\u00bb30&#8243;][vc_column_inner][vc_custom_heading text=\u00bbGarantizamos\u00bb font_container=\u00bbtag:h2|text_align:left|color:%23222222&#8243; use_theme_fonts=\u00bbyes\u00bb el_class=\u00bbheadline-page\u00bb][\/vc_column_inner][\/vc_row_inner][vc_row_inner gap=\u00bb30&#8243;][vc_column_inner width=\u00bb1\/3&#8243;][vc_custom_heading text=\u00bbEn todos los trabajos aplicamos nuestros principios de trabajo\u00bb font_container=\u00bbtag:h4|text_align:left|color:%23ffffff\u00bb use_theme_fonts=\u00bbyes\u00bb el_class=\u00bbheadline-page-color\u00bb][\/vc_column_inner][vc_column_inner width=\u00bb1\/3&#8243;][vc_column_text]<\/p>\n<ul class=\"check\">\n<li>Trato directo y personal.<\/li>\n<li>Asesoramiento t\u00e9cnico.<\/li>\n<li>Precios ajustados.<\/li>\n<li>Rigurosidad en los plazos de entrega.<\/li>\n<\/ul>\n<p>[\/vc_column_text][\/vc_column_inner][vc_column_inner width=\u00bb1\/3&#8243;][vc_column_text]<\/p>\n<ul class=\"check\">\n<li>Calidad garantizada.<\/li>\n<li>Mejora t\u00e9cnica constante.<\/li>\n<li>Implicaci\u00f3n y total confianza.<\/li>\n<\/ul>\n<p>[\/vc_column_text][\/vc_column_inner][\/vc_row_inner][\/vc_column][\/vc_row]<\/p>\n<\/div>","protected":false},"excerpt":{"rendered":"<p>[vc_row full_width=\u00bbstretch_row_content_no_spaces\u00bb css=\u00bb.vc_custom_1624707444191{padding-top: 100px !important;padding-bottom: 100px !important;background-image: url(https:\/\/www.mecanitzatsrodater.com\/wp-content\/uploads\/2021\/06\/meca-disen\u0303o.jpeg?id=900) !important;background-position: center !important;background-repeat: no-repeat !important;background-size: cover !important;}\u00bb][vc_column][\/vc_column][\/vc_row][vc_row gap=\u00bb30&#8243;][vc_column width=\u00bb1\/4&#8243; css=\u00bb.vc_custom_1615475573076{padding-right: 15px !important;padding-left: 15px !important;background-color: #f7f7f7 !important;}\u00bb el_class=\u00bbbox-title\u00bb][vc_custom_heading text=\u00bbServicios\u00bb font_container=\u00bbtag:h2|text_align:left|color:%23555555&#8243; use_theme_fonts=\u00bbyes\u00bb el_class=\u00bbheadline-box-page\u00bb][vc_custom_heading text=\u00bbNos adaptamos a las necesidades del cliente para ofrecerle un servicio de m\u00e1xima calidad\u00bb font_container=\u00bbtag:h6|text_align:left|color:%23838f9d\u00bb use_theme_fonts=\u00bbyes\u00bb el_class=\u00bbheadline-box-page\u00bb][vc_empty_space height=\u00bb20px\u00bb][vc_column_text][\/vc_column_text][\/vc_column][vc_column width=\u00bb3\/4&#8243;][vc_custom_heading text=\u00bbDise\u00f1os personalizados\u00bb font_container=\u00bbtag:h2|text_align:left|color:%23555555&#8243; use_theme_fonts=\u00bbyes\u00bb el_class=\u00bbheadline-page\u00bb][vc_custom_heading text=\u00bbNuestros profesionales [&hellip;]<\/p>\n","protected":false},"author":3,"featured_media":0,"parent":343,"menu_order":0,"comment_status":"closed","ping_status":"closed","template":"fullwidth-inner.php","meta":{"footnotes":""},"class_list":["post-376","page","type-page","status-publish","hentry"],"yoast_head":"<!-- This site is optimized with the Yoast SEO plugin v27.5 - https:\/\/yoast.com\/product\/yoast-seo-wordpress\/ -->\n<title>Dise\u00f1os personalizados - Mecanitzats Roda Ter<\/title>\n<meta name=\"robots\" content=\"index, follow, max-snippet:-1, max-image-preview:large, max-video-preview:-1\" \/>\n<link rel=\"canonical\" href=\"https:\/\/www.mecanitzatsrodater.com\/es\/servicios\/disenos-personalizados\/\" \/>\n<meta property=\"og:locale\" content=\"es_ES\" \/>\n<meta property=\"og:type\" content=\"article\" \/>\n<meta property=\"og:title\" content=\"Dise\u00f1os personalizados - Mecanitzats Roda Ter\" \/>\n<meta property=\"og:description\" content=\"[vc_row full_width=\u00bbstretch_row_content_no_spaces\u00bb css=\u00bb.vc_custom_1624707444191{padding-top: 100px !important;padding-bottom: 100px !important;background-image: url(https:\/\/www.mecanitzatsrodater.com\/wp-content\/uploads\/2021\/06\/meca-disen\u0303o.jpeg?id=900) !important;background-position: center !important;background-repeat: no-repeat !important;background-size: cover !important;}\u00bb][vc_column][\/vc_column][\/vc_row][vc_row gap=\u00bb30&#8243;][vc_column width=\u00bb1\/4&#8243; css=\u00bb.vc_custom_1615475573076{padding-right: 15px !important;padding-left: 15px !important;background-color: #f7f7f7 !important;}\u00bb el_class=\u00bbbox-title\u00bb][vc_custom_heading text=\u00bbServicios\u00bb font_container=\u00bbtag:h2|text_align:left|color:%23555555&#8243; use_theme_fonts=\u00bbyes\u00bb el_class=\u00bbheadline-box-page\u00bb][vc_custom_heading text=\u00bbNos adaptamos a las necesidades del cliente para ofrecerle un servicio de m\u00e1xima calidad\u00bb font_container=\u00bbtag:h6|text_align:left|color:%23838f9d\u00bb use_theme_fonts=\u00bbyes\u00bb el_class=\u00bbheadline-box-page\u00bb][vc_empty_space height=\u00bb20px\u00bb][vc_column_text][\/vc_column_text][\/vc_column][vc_column width=\u00bb3\/4&#8243;][vc_custom_heading text=\u00bbDise\u00f1os personalizados\u00bb font_container=\u00bbtag:h2|text_align:left|color:%23555555&#8243; use_theme_fonts=\u00bbyes\u00bb el_class=\u00bbheadline-page\u00bb][vc_custom_heading text=\u00bbNuestros profesionales [&hellip;]\" \/>\n<meta property=\"og:url\" content=\"https:\/\/www.mecanitzatsrodater.com\/es\/servicios\/disenos-personalizados\/\" \/>\n<meta property=\"og:site_name\" content=\"Mecanitzats Roda Ter\" \/>\n<meta property=\"article:modified_time\" content=\"2026-04-01T10:05:10+00:00\" \/>\n<meta name=\"twitter:card\" content=\"summary_large_image\" \/>\n<meta name=\"twitter:label1\" content=\"Tiempo de lectura\" \/>\n\t<meta name=\"twitter:data1\" content=\"3 minutos\" \/>\n<script type=\"application\/ld+json\" class=\"yoast-schema-graph\">{\"@context\":\"https:\\\/\\\/schema.org\",\"@graph\":[{\"@type\":\"WebPage\",\"@id\":\"https:\\\/\\\/www.mecanitzatsrodater.com\\\/es\\\/servicios\\\/disenos-personalizados\\\/\",\"url\":\"https:\\\/\\\/www.mecanitzatsrodater.com\\\/es\\\/servicios\\\/disenos-personalizados\\\/\",\"name\":\"Dise\u00f1os personalizados - Mecanitzats Roda Ter\",\"isPartOf\":{\"@id\":\"https:\\\/\\\/www.mecanitzatsrodater.com\\\/es\\\/#website\"},\"datePublished\":\"2021-03-14T14:51:06+00:00\",\"dateModified\":\"2026-04-01T10:05:10+00:00\",\"breadcrumb\":{\"@id\":\"https:\\\/\\\/www.mecanitzatsrodater.com\\\/es\\\/servicios\\\/disenos-personalizados\\\/#breadcrumb\"},\"inLanguage\":\"es\",\"potentialAction\":[{\"@type\":\"ReadAction\",\"target\":[\"https:\\\/\\\/www.mecanitzatsrodater.com\\\/es\\\/servicios\\\/disenos-personalizados\\\/\"]}]},{\"@type\":\"BreadcrumbList\",\"@id\":\"https:\\\/\\\/www.mecanitzatsrodater.com\\\/es\\\/servicios\\\/disenos-personalizados\\\/#breadcrumb\",\"itemListElement\":[{\"@type\":\"ListItem\",\"position\":1,\"name\":\"Inici\",\"item\":\"https:\\\/\\\/www.mecanitzatsrodater.com\\\/es\\\/\"},{\"@type\":\"ListItem\",\"position\":2,\"name\":\"Servicios\",\"item\":\"https:\\\/\\\/www.mecanitzatsrodater.com\\\/es\\\/servicios\\\/\"},{\"@type\":\"ListItem\",\"position\":3,\"name\":\"Dise\u00f1os personalizados\"}]},{\"@type\":\"WebSite\",\"@id\":\"https:\\\/\\\/www.mecanitzatsrodater.com\\\/es\\\/#website\",\"url\":\"https:\\\/\\\/www.mecanitzatsrodater.com\\\/es\\\/\",\"name\":\"Mecanitzats Roda Ter\",\"description\":\"Mecanitzaci\u00f3 Industrial - Soldadura Industrial\",\"potentialAction\":[{\"@type\":\"SearchAction\",\"target\":{\"@type\":\"EntryPoint\",\"urlTemplate\":\"https:\\\/\\\/www.mecanitzatsrodater.com\\\/es\\\/?s={search_term_string}\"},\"query-input\":{\"@type\":\"PropertyValueSpecification\",\"valueRequired\":true,\"valueName\":\"search_term_string\"}}],\"inLanguage\":\"es\"}]}<\/script>\n<!-- \/ Yoast SEO plugin. -->","yoast_head_json":{"title":"Dise\u00f1os personalizados - Mecanitzats Roda Ter","robots":{"index":"index","follow":"follow","max-snippet":"max-snippet:-1","max-image-preview":"max-image-preview:large","max-video-preview":"max-video-preview:-1"},"canonical":"https:\/\/www.mecanitzatsrodater.com\/es\/servicios\/disenos-personalizados\/","og_locale":"es_ES","og_type":"article","og_title":"Dise\u00f1os personalizados - Mecanitzats Roda Ter","og_description":"[vc_row full_width=\u00bbstretch_row_content_no_spaces\u00bb css=\u00bb.vc_custom_1624707444191{padding-top: 100px !important;padding-bottom: 100px !important;background-image: url(https:\/\/www.mecanitzatsrodater.com\/wp-content\/uploads\/2021\/06\/meca-disen\u0303o.jpeg?id=900) !important;background-position: center !important;background-repeat: no-repeat !important;background-size: cover !important;}\u00bb][vc_column][\/vc_column][\/vc_row][vc_row gap=\u00bb30&#8243;][vc_column width=\u00bb1\/4&#8243; css=\u00bb.vc_custom_1615475573076{padding-right: 15px !important;padding-left: 15px !important;background-color: #f7f7f7 !important;}\u00bb el_class=\u00bbbox-title\u00bb][vc_custom_heading text=\u00bbServicios\u00bb font_container=\u00bbtag:h2|text_align:left|color:%23555555&#8243; use_theme_fonts=\u00bbyes\u00bb el_class=\u00bbheadline-box-page\u00bb][vc_custom_heading text=\u00bbNos adaptamos a las necesidades del cliente para ofrecerle un servicio de m\u00e1xima calidad\u00bb font_container=\u00bbtag:h6|text_align:left|color:%23838f9d\u00bb use_theme_fonts=\u00bbyes\u00bb el_class=\u00bbheadline-box-page\u00bb][vc_empty_space height=\u00bb20px\u00bb][vc_column_text][\/vc_column_text][\/vc_column][vc_column width=\u00bb3\/4&#8243;][vc_custom_heading text=\u00bbDise\u00f1os personalizados\u00bb font_container=\u00bbtag:h2|text_align:left|color:%23555555&#8243; use_theme_fonts=\u00bbyes\u00bb el_class=\u00bbheadline-page\u00bb][vc_custom_heading text=\u00bbNuestros profesionales [&hellip;]","og_url":"https:\/\/www.mecanitzatsrodater.com\/es\/servicios\/disenos-personalizados\/","og_site_name":"Mecanitzats Roda Ter","article_modified_time":"2026-04-01T10:05:10+00:00","twitter_card":"summary_large_image","twitter_misc":{"Tiempo de lectura":"3 minutos"},"schema":{"@context":"https:\/\/schema.org","@graph":[{"@type":"WebPage","@id":"https:\/\/www.mecanitzatsrodater.com\/es\/servicios\/disenos-personalizados\/","url":"https:\/\/www.mecanitzatsrodater.com\/es\/servicios\/disenos-personalizados\/","name":"Dise\u00f1os personalizados - Mecanitzats Roda Ter","isPartOf":{"@id":"https:\/\/www.mecanitzatsrodater.com\/es\/#website"},"datePublished":"2021-03-14T14:51:06+00:00","dateModified":"2026-04-01T10:05:10+00:00","breadcrumb":{"@id":"https:\/\/www.mecanitzatsrodater.com\/es\/servicios\/disenos-personalizados\/#breadcrumb"},"inLanguage":"es","potentialAction":[{"@type":"ReadAction","target":["https:\/\/www.mecanitzatsrodater.com\/es\/servicios\/disenos-personalizados\/"]}]},{"@type":"BreadcrumbList","@id":"https:\/\/www.mecanitzatsrodater.com\/es\/servicios\/disenos-personalizados\/#breadcrumb","itemListElement":[{"@type":"ListItem","position":1,"name":"Inici","item":"https:\/\/www.mecanitzatsrodater.com\/es\/"},{"@type":"ListItem","position":2,"name":"Servicios","item":"https:\/\/www.mecanitzatsrodater.com\/es\/servicios\/"},{"@type":"ListItem","position":3,"name":"Dise\u00f1os personalizados"}]},{"@type":"WebSite","@id":"https:\/\/www.mecanitzatsrodater.com\/es\/#website","url":"https:\/\/www.mecanitzatsrodater.com\/es\/","name":"Mecanitzats Roda Ter","description":"Mecanitzaci\u00f3 Industrial - Soldadura Industrial","potentialAction":[{"@type":"SearchAction","target":{"@type":"EntryPoint","urlTemplate":"https:\/\/www.mecanitzatsrodater.com\/es\/?s={search_term_string}"},"query-input":{"@type":"PropertyValueSpecification","valueRequired":true,"valueName":"search_term_string"}}],"inLanguage":"es"}]}},"_links":{"self":[{"href":"https:\/\/www.mecanitzatsrodater.com\/es\/wp-json\/wp\/v2\/pages\/376","targetHints":{"allow":["GET"]}}],"collection":[{"href":"https:\/\/www.mecanitzatsrodater.com\/es\/wp-json\/wp\/v2\/pages"}],"about":[{"href":"https:\/\/www.mecanitzatsrodater.com\/es\/wp-json\/wp\/v2\/types\/page"}],"author":[{"embeddable":true,"href":"https:\/\/www.mecanitzatsrodater.com\/es\/wp-json\/wp\/v2\/users\/3"}],"replies":[{"embeddable":true,"href":"https:\/\/www.mecanitzatsrodater.com\/es\/wp-json\/wp\/v2\/comments?post=376"}],"version-history":[{"count":34,"href":"https:\/\/www.mecanitzatsrodater.com\/es\/wp-json\/wp\/v2\/pages\/376\/revisions"}],"predecessor-version":[{"id":2295,"href":"https:\/\/www.mecanitzatsrodater.com\/es\/wp-json\/wp\/v2\/pages\/376\/revisions\/2295"}],"up":[{"embeddable":true,"href":"https:\/\/www.mecanitzatsrodater.com\/es\/wp-json\/wp\/v2\/pages\/343"}],"wp:attachment":[{"href":"https:\/\/www.mecanitzatsrodater.com\/es\/wp-json\/wp\/v2\/media?parent=376"}],"curies":[{"name":"wp","href":"https:\/\/api.w.org\/{rel}","templated":true}]}}